{"id":9,"date":"2015-04-30T19:23:03","date_gmt":"2015-04-30T19:23:03","guid":{"rendered":"http:\/\/w\u00f6rrstadt-rechtsanwalt.de\/?page_id=9"},"modified":"2015-09-15T18:07:46","modified_gmt":"2015-09-15T16:07:46","slug":"impressum","status":"publish","type":"page","link":"https:\/\/xn--wrrstadt-rechtsanwalt-hec.de\/?page_id=9","title":{"rendered":"Impressum"},"content":{"rendered":"<p>Rechtsanwalt Christian Mohr<br \/>\nUntere Laugasse 1<br \/>\n55286 W\u00f6rrstadt<\/p>\n<p>Telefon 06732 962 962<br \/>\nTelefax 06732 962 964<\/p>\n<p>E-Mail: mail|at|rechtsanwalt-mohr.eu<\/p>\n<p>Umsatzsteueridentifikations-Nr.: DE266489725<\/p>\n<p>Verantwortlicher nach \u00a7 55 RStV ist Rechtsanwalt Christian Mohr, Untere Laugasse 1, 55286 W\u00f6rrstadt<\/p>\n<p>Informationen nach der Dienstleistungs-Informationspflichten-Verordnung (DL-InfoV):<strong><br \/>\n<\/strong>Ich bin nach dem Recht der Bundesrepublik Deutschland als Rechtsanwalt zugelassen und bin Mitglied der Rechtsanwaltskammer Koblenz, 56068 Koblenz, Rheinstr. 24, Tel.: 0261 &#8211; 303350, Fax: 0261 &#8211; 3033522,<\/p>\n<p>Die berufsrechtlichen Regelungen meiner T\u00e4tigkeit ergeben sich aus<\/p>\n<ul>\n<li>der Bundesrechtsanwaltsordnung (BRAO)<\/li>\n<li>der Berufsordnung (BORA)<\/li>\n<li>der Bundesrechtsanwaltsgeb\u00fchrenordnung (BRAGO)<\/li>\n<li>dem Gesetz \u00fcber die Verg\u00fctung der Rechtsanw\u00e4ltinnen und Rechtsanw\u00e4lte (RVG)<\/li>\n<li>der Standesregelung der Rechtsanw\u00e4lte in der Europ\u00e4ischen Gemeinschaft (CCBE)<\/li>\n<\/ul>\n","protected":false},"excerpt":{"rendered":"<p>Rechtsanwalt Christian Mohr Untere Laugasse 1 55286 W\u00f6rrstadt Telefon 06732 962 962 Telefax 06732 962 964 E-Mail: mail|at|rechtsanwalt-mohr.eu Umsatzsteueridentifikations-Nr.: DE266489725 Verantwortlicher nach \u00a7 55 RStV ist Rechtsanwalt Christian Mohr, Untere Laugasse 1, 55286 W\u00f6rrstadt Informationen nach der Dienstleistungs-Informationspflichten-Verordnung (DL-InfoV): Ich bin nach dem Recht der Bundesrepublik Deutschland als Rechtsanwalt zugelassen und bin Mitglied der Rechtsanwaltskammer &#8230; <a class=\"read-more\" href=\"https:\/\/xn--wrrstadt-rechtsanwalt-hec.de\/?page_id=9\">Mehr lesen<\/a><\/p>\n","protected":false},"author":1,"featured_media":0,"parent":0,"menu_order":8,"comment_status":"closed","ping_status":"closed","template":"","meta":[],"_links":{"self":[{"href":"https:\/\/xn--wrrstadt-rechtsanwalt-hec.de\/index.php?rest_route=\/wp\/v2\/pages\/9"}],"collection":[{"href":"https:\/\/xn--wrrstadt-rechtsanwalt-hec.de\/index.php?rest_route=\/wp\/v2\/pages"}],"about":[{"href":"https:\/\/xn--wrrstadt-rechtsanwalt-hec.de\/index.php?rest_route=\/wp\/v2\/types\/page"}],"author":[{"embeddable":true,"href":"https:\/\/xn--wrrstadt-rechtsanwalt-hec.de\/index.php?rest_route=\/wp\/v2\/users\/1"}],"replies":[{"embeddable":true,"href":"https:\/\/xn--wrrstadt-rechtsanwalt-hec.de\/index.php?rest_route=%2Fwp%2Fv2%2Fcomments&post=9"}],"version-history":[{"count":3,"href":"https:\/\/xn--wrrstadt-rechtsanwalt-hec.de\/index.php?rest_route=\/wp\/v2\/pages\/9\/revisions"}],"predecessor-version":[{"id":125,"href":"https:\/\/xn--wrrstadt-rechtsanwalt-hec.de\/index.php?rest_route=\/wp\/v2\/pages\/9\/revisions\/125"}],"wp:attachment":[{"href":"https:\/\/xn--wrrstadt-rechtsanwalt-hec.de\/index.php?rest_route=%2Fwp%2Fv2%2Fmedia&parent=9"}],"curies":[{"name":"wp","href":"https:\/\/api.w.org\/{rel}","templated":true}]}}