{"id":75,"date":"2015-08-31T19:49:25","date_gmt":"2015-08-31T17:49:25","guid":{"rendered":"http:\/\/w\u00f6rrstadt-rechtsanwalt.de\/?page_id=75"},"modified":"2015-09-15T20:29:44","modified_gmt":"2015-09-15T18:29:44","slug":"ordnungswidrigkeiten-und-bussgeldsachen","status":"publish","type":"page","link":"https:\/\/xn--wrrstadt-rechtsanwalt-hec.de\/?page_id=75","title":{"rendered":"Verkehrsrecht"},"content":{"rendered":"<p>Im Bereich der Verkehrsordnungswidrigkeiten und der Verkehrsstrafsachen ist dazu zu raten zun\u00e4chst selbst keine Angaben gegen\u00fcber den Ordnungsbeh\u00f6rden zu machen, wenn im weiteren Verlauf die Beauftragung eines Rechtsanwalts erfolgen soll.<\/p>\n<p>Ich vertrete Sie beispielsweise in den nachfolgend dargestellten Angelegenheiten:<\/p>\n<ul>\n<li>Fragen zum Verkehrzentralregister<\/li>\n<li>Geschwindigkeit\u00fcberschreitungen und Abstandsverst\u00f6\u00dfe<\/li>\n<li>Rotlichtverst\u00f6\u00dfe<\/li>\n<li>Parkvergehen<\/li>\n<li>Verkehrsunfallflucht (Unerlaubtes Entfernen vom Unfallort)<\/li>\n<li>Trunkenheit im Verkehr<\/li>\n<li>N\u00f6tigung im Stra\u00dfenverkehr<\/li>\n<li>Fahren ohne Fahrerlaubnis<\/li>\n<\/ul>\n","protected":false},"excerpt":{"rendered":"<p>Im Bereich der Verkehrsordnungswidrigkeiten und der Verkehrsstrafsachen ist dazu zu raten zun\u00e4chst selbst keine Angaben gegen\u00fcber den Ordnungsbeh\u00f6rden zu machen, wenn im weiteren Verlauf die Beauftragung eines Rechtsanwalts erfolgen soll. Ich vertrete Sie beispielsweise in den nachfolgend dargestellten Angelegenheiten: Fragen zum Verkehrzentralregister Geschwindigkeit\u00fcberschreitungen und Abstandsverst\u00f6\u00dfe Rotlichtverst\u00f6\u00dfe Parkvergehen Verkehrsunfallflucht (Unerlaubtes Entfernen vom Unfallort) Trunkenheit im Verkehr &#8230; <a class=\"read-more\" href=\"https:\/\/xn--wrrstadt-rechtsanwalt-hec.de\/?page_id=75\">Mehr lesen<\/a><\/p>\n","protected":false},"author":1,"featured_media":0,"parent":0,"menu_order":6,"comment_status":"closed","ping_status":"closed","template":"","meta":[],"_links":{"self":[{"href":"https:\/\/xn--wrrstadt-rechtsanwalt-hec.de\/index.php?rest_route=\/wp\/v2\/pages\/75"}],"collection":[{"href":"https:\/\/xn--wrrstadt-rechtsanwalt-hec.de\/index.php?rest_route=\/wp\/v2\/pages"}],"about":[{"href":"https:\/\/xn--wrrstadt-rechtsanwalt-hec.de\/index.php?rest_route=\/wp\/v2\/types\/page"}],"author":[{"embeddable":true,"href":"https:\/\/xn--wrrstadt-rechtsanwalt-hec.de\/index.php?rest_route=\/wp\/v2\/users\/1"}],"replies":[{"embeddable":true,"href":"https:\/\/xn--wrrstadt-rechtsanwalt-hec.de\/index.php?rest_route=%2Fwp%2Fv2%2Fcomments&post=75"}],"version-history":[{"count":10,"href":"https:\/\/xn--wrrstadt-rechtsanwalt-hec.de\/index.php?rest_route=\/wp\/v2\/pages\/75\/revisions"}],"predecessor-version":[{"id":128,"href":"https:\/\/xn--wrrstadt-rechtsanwalt-hec.de\/index.php?rest_route=\/wp\/v2\/pages\/75\/revisions\/128"}],"wp:attachment":[{"href":"https:\/\/xn--wrrstadt-rechtsanwalt-hec.de\/index.php?rest_route=%2Fwp%2Fv2%2Fmedia&parent=75"}],"curies":[{"name":"wp","href":"https:\/\/api.w.org\/{rel}","templated":true}]}}