{"id":35,"date":"2015-07-16T19:38:25","date_gmt":"2015-07-16T17:38:25","guid":{"rendered":"http:\/\/w\u00f6rrstadt-rechtsanwalt.de\/?page_id=35"},"modified":"2015-09-15T20:26:54","modified_gmt":"2015-09-15T18:26:54","slug":"erbrecht","status":"publish","type":"page","link":"https:\/\/xn--wrrstadt-rechtsanwalt-hec.de\/?page_id=35","title":{"rendered":"Erbrecht"},"content":{"rendered":"<p>Meine Schwerpunkte in der erbrechtlichen Beratung sind:<\/p>\n<ul>\n<li>die Erstellung von letztwilligen Verf\u00fcgungen (Testamenten, Erbvertr\u00e4gen, &#8230;)<\/li>\n<li>\u00dcbernahme von Testamentsvollstreckungen<\/li>\n<li>Auseinandersetzung von Erbengemeinschaften<\/li>\n<li>Beratung bei Nachlassverwaltung und Nachlasspflegschaft<\/li>\n<li>Beratung von Gestaltungen zur vorweggenommenen Erbfolge<\/li>\n<li>Beratung von Erben oder Erbengemeinschaften<\/li>\n<\/ul>\n","protected":false},"excerpt":{"rendered":"<p>Meine Schwerpunkte in der erbrechtlichen Beratung sind: die Erstellung von letztwilligen Verf\u00fcgungen (Testamenten, Erbvertr\u00e4gen, &#8230;) \u00dcbernahme von Testamentsvollstreckungen Auseinandersetzung von Erbengemeinschaften Beratung bei Nachlassverwaltung und Nachlasspflegschaft Beratung von Gestaltungen zur vorweggenommenen Erbfolge Beratung von Erben oder Erbengemeinschaften<\/p>\n","protected":false},"author":1,"featured_media":0,"parent":0,"menu_order":3,"comment_status":"closed","ping_status":"closed","template":"","meta":[],"_links":{"self":[{"href":"https:\/\/xn--wrrstadt-rechtsanwalt-hec.de\/index.php?rest_route=\/wp\/v2\/pages\/35"}],"collection":[{"href":"https:\/\/xn--wrrstadt-rechtsanwalt-hec.de\/index.php?rest_route=\/wp\/v2\/pages"}],"about":[{"href":"https:\/\/xn--wrrstadt-rechtsanwalt-hec.de\/index.php?rest_route=\/wp\/v2\/types\/page"}],"author":[{"embeddable":true,"href":"https:\/\/xn--wrrstadt-rechtsanwalt-hec.de\/index.php?rest_route=\/wp\/v2\/users\/1"}],"replies":[{"embeddable":true,"href":"https:\/\/xn--wrrstadt-rechtsanwalt-hec.de\/index.php?rest_route=%2Fwp%2Fv2%2Fcomments&post=35"}],"version-history":[{"count":6,"href":"https:\/\/xn--wrrstadt-rechtsanwalt-hec.de\/index.php?rest_route=\/wp\/v2\/pages\/35\/revisions"}],"predecessor-version":[{"id":116,"href":"https:\/\/xn--wrrstadt-rechtsanwalt-hec.de\/index.php?rest_route=\/wp\/v2\/pages\/35\/revisions\/116"}],"wp:attachment":[{"href":"https:\/\/xn--wrrstadt-rechtsanwalt-hec.de\/index.php?rest_route=%2Fwp%2Fv2%2Fmedia&parent=35"}],"curies":[{"name":"wp","href":"https:\/\/api.w.org\/{rel}","templated":true}]}}