{"id":31,"date":"2015-07-16T19:37:41","date_gmt":"2015-07-16T19:37:41","guid":{"rendered":"http:\/\/w\u00f6rrstadt-rechtsanwalt.de\/?page_id=31"},"modified":"2015-09-15T20:26:28","modified_gmt":"2015-09-15T18:26:28","slug":"arbeistrecht","status":"publish","type":"page","link":"https:\/\/xn--wrrstadt-rechtsanwalt-hec.de\/?page_id=31","title":{"rendered":"Arbeitsrecht"},"content":{"rendered":"<p>Ich berate und vertrete sowohl Arbeit\u00adgeber, als auch Arbeit\u00adnehmer. Hierdurch kenne ich aus der Beratungs\u00adpraxis und aus den gericht\u00adlichen Auseinander\u00adsetzungen auch die Position der Gegen\u00adseite und kann mich ent\u00adsprechend darauf einstellen, um f\u00fcr Sie das optimale Ergebnis zu erzielen.<\/p>\n<p>Meine Schwer\u00adpunkte sind hierbei:<\/p>\n<p><b>F\u00fcr Arbeitgeber:<\/b><\/p>\n<ul>\n<li>Erstellung und \u00dcberpr\u00fcfung von Arbeits\u00advertr\u00e4gen und Zeugnissen<\/li>\n<li>K\u00fcndigung von Arbeitsverh\u00e4ltnissen<\/li>\n<li>Vorbereitung und Verhandlung von Entgelt- und Betriebs\u00advereinbarungen<\/li>\n<li>Verteidigung gegen Klagen wegen Diskriminierung und AGG-Verst\u00f6\u00dfen<\/li>\n<li>Zeugnispr\u00fcfungen<\/li>\n<li>Beratung bei betriebsverfassungsrechtlichen und tariflichen Fragen<\/li>\n<li>Statusfeststellungsverfahren der Arbeitnehmereigenschaft<\/li>\n<\/ul>\n<p><b>F\u00fcr Arbeitnehmer:<\/b><\/p>\n<ul>\n<li>Erstellung und \u00dcberpr\u00fcfung von Arbeits\u00advertr\u00e4gen und Zeugnissen<\/li>\n<li>K\u00fcndigungsschutzklagen<\/li>\n<li>Entgelt- und Eingruppierungsklagen<\/li>\n<li>Klagen wegen Diskriminierung<\/li>\n<li>AGG und Mobbing<\/li>\n<li>Zeugnispr\u00fcfungen<\/li>\n<li>Statusfeststellungsverfahren der Arbeitnehmereigenschaft<\/li>\n<li>\u00dcberpr\u00fcfung von Aufhebungsvertr\u00e4gen<\/li>\n<\/ul>\n<p>F\u00fcr Arbeitnehmer ist es unabdingbar innerhalb von 3 Wochen nach Erhalt eines K\u00fcndigungsschreibens die K\u00fcndigungsschutzklage zu erheben. Diese Frist kann nur in den seltensten F\u00e4llen verl\u00e4ngert werden.<\/p>\n","protected":false},"excerpt":{"rendered":"<p>Ich berate und vertrete sowohl Arbeit\u00adgeber, als auch Arbeit\u00adnehmer. Hierdurch kenne ich aus der Beratungs\u00adpraxis und aus den gericht\u00adlichen Auseinander\u00adsetzungen auch die Position der Gegen\u00adseite und kann mich ent\u00adsprechend darauf einstellen, um f\u00fcr Sie das optimale Ergebnis zu erzielen. Meine Schwer\u00adpunkte sind hierbei: F\u00fcr Arbeitgeber: Erstellung und \u00dcberpr\u00fcfung von Arbeits\u00advertr\u00e4gen und Zeugnissen K\u00fcndigung von Arbeitsverh\u00e4ltnissen &#8230; <a class=\"read-more\" href=\"https:\/\/xn--wrrstadt-rechtsanwalt-hec.de\/?page_id=31\">Mehr lesen<\/a><\/p>\n","protected":false},"author":1,"featured_media":0,"parent":0,"menu_order":1,"comment_status":"closed","ping_status":"open","template":"","meta":[],"_links":{"self":[{"href":"https:\/\/xn--wrrstadt-rechtsanwalt-hec.de\/index.php?rest_route=\/wp\/v2\/pages\/31"}],"collection":[{"href":"https:\/\/xn--wrrstadt-rechtsanwalt-hec.de\/index.php?rest_route=\/wp\/v2\/pages"}],"about":[{"href":"https:\/\/xn--wrrstadt-rechtsanwalt-hec.de\/index.php?rest_route=\/wp\/v2\/types\/page"}],"author":[{"embeddable":true,"href":"https:\/\/xn--wrrstadt-rechtsanwalt-hec.de\/index.php?rest_route=\/wp\/v2\/users\/1"}],"replies":[{"embeddable":true,"href":"https:\/\/xn--wrrstadt-rechtsanwalt-hec.de\/index.php?rest_route=%2Fwp%2Fv2%2Fcomments&post=31"}],"version-history":[{"count":15,"href":"https:\/\/xn--wrrstadt-rechtsanwalt-hec.de\/index.php?rest_route=\/wp\/v2\/pages\/31\/revisions"}],"predecessor-version":[{"id":127,"href":"https:\/\/xn--wrrstadt-rechtsanwalt-hec.de\/index.php?rest_route=\/wp\/v2\/pages\/31\/revisions\/127"}],"wp:attachment":[{"href":"https:\/\/xn--wrrstadt-rechtsanwalt-hec.de\/index.php?rest_route=%2Fwp%2Fv2%2Fmedia&parent=31"}],"curies":[{"name":"wp","href":"https:\/\/api.w.org\/{rel}","templated":true}]}}